{"id":1581,"date":"2024-06-11T23:11:09","date_gmt":"2024-06-11T23:11:09","guid":{"rendered":"https:\/\/thomasscholz.com\/reviews\/"},"modified":"2024-06-29T14:30:05","modified_gmt":"2024-06-29T14:30:05","slug":"reviews","status":"publish","type":"page","link":"https:\/\/thomasscholz.com\/en\/reviews\/","title":{"rendered":"Reviews"},"content":{"rendered":"<!--themify_builder_content-->\n<div id=\"themify_builder_content-1581\" data-postid=\"1581\" class=\"themify_builder_content themify_builder_content-1581 themify_builder tf_clear\">\n    \t\t\t\t<div  data-lazy=\"1\" class=\"module_row themify_builder_row tb_lof2125 tb_first tf_w\">\n\t\t\t\t\t\t<div class=\"row_inner col_align_top tb_col_count_1 tf_box tf_rel\">\n\t\t\t\t\t\t<div  data-lazy=\"1\" class=\"module_column tb-column col-full tb_rs6e125 first\">\n\t\t\t\t\t<!-- module image -->\n<div  class=\"module module-image tb_qviy125 image-left rounded  tf_mw\" data-lazy=\"1\">\n        <div class=\"image-wrap tf_rel tf_mw\">\n\t\t    <img decoding=\"async\" src=\"https:\/\/thomasscholz.com\/wp-content\/uploads\/2024\/03\/Digimy-Aktuelles-95x15.png\" height=\"15\" class=\"wp-post-image wp-image-1403\" title=\"Stars\" alt=\"Stars\">\t\n\t\t<\/div>\n\t<!-- \/image-wrap -->\n    \n    \t<\/div>\n<!-- \/module image --><!-- module text -->\n<div  class=\"module module-text tb_56q8125   \" data-lazy=\"1\">\n\t    <div  class=\"tb_text_wrap\">\n\t\t\n          <h1>Reviews<\/h1>\n            <\/div>\n<\/div>\n<!-- \/module text --><!-- module text -->\n<div  class=\"module module-text tb_onrl125   \" data-lazy=\"1\">\n\t    <div  class=\"tb_text_wrap\">\n\t\t\n          <p>On various portals we can refer to nice testimonials and present here the evaluation by some real patients. Talk to us about before and after pictures of operations so that you can see the excellent results for yourself.<\/p>\n            <\/div>\n<\/div>\n<!-- \/module text --><!-- module text -->\n<div  class=\"module module-text tb_ohqw125   \" data-lazy=\"1\">\n\t    <div  class=\"tb_text_wrap\">\n\t\t\n          <p>Dr. Thomas Scholz<\/p>\n            <\/div>\n<\/div>\n<!-- \/module text --><!-- module plain text -->\n<div  class=\"module module-plain-text tb_y60t978 \" data-lazy=\"1\">\n        <div class=\"tb_text_wrap\">\n\t\n          <pre class=\"ti-widget\"><div class=\"ti-widget ti-goog\" data-no-translation=\"true\" data-layout-id=\"4\" data-set-id=\"light-background\" data-pid=\"\" data-pager-autoplay-timeout=\"6\" data-review-target-width=\"300\" data-language=\"de\" > <div class=\"ti-widget-container ti-col-3\"> <div class=\"ti-reviews-container\"> <div class=\"ti-controls\"> <div class=\"ti-next\" aria-label=\"N\u00e4chste Bewertung\" role=\"button\"><\/div> <div class=\"ti-prev\" aria-label=\"Vorherige Bewertung\" role=\"button\"><\/div> <\/div> <div class=\"ti-reviews-container-wrapper\">  <div data-empty=\"0\" class=\"ti-review-item source-Google\" > <div class=\"ti-inner\"> <div class=\"ti-review-header\"> <div class=\"ti-profile-img\"> <img decoding=\"async\" src=\"https:\/\/lh3.googleusercontent.com\/a-\/ALV-UjVn2zPBIL1Udj3ERQMaLveid9cFmB9r9Y5YlIqlS6kV03zJg9Zs=s120-c-rp-mo-br100\" alt=\"Lost At Sea\" \/> <\/div> <div class=\"ti-profile-details\"> <div class=\"ti-name\"> Lost At Sea <\/div> <div class=\"ti-date\">2024-06-24<\/div> <\/div> <\/div> <span class=\"ti-stars\"><span class=\"ti-star f\"><\/span><span class=\"ti-star f\"><\/span><span class=\"ti-star f\"><\/span><span class=\"ti-star f\"><\/span><span class=\"ti-star f\"><\/span><\/span> <div class=\"ti-review-text-container ti-review-content\"><!-- R-CONTENT -->2,5 Monate nach meiner Brust-Op mit Liposuktion am Oberbauch, kann ich nur sagen, dass ich wunschlos gl\u00fccklich bin. Alles ist wunderbar verheilt und ich hab endlich die Figur die ich mir gew\u00fcnscht habe. :) Dr. Scholz ist nicht nur wahnsinnig sympathisch sondern auch ein absoluter Profi, er wei\u00df genau was zu tun ist und was gut zu der Person passt. Auch Frau Alexander ist super nett und wahnsinnig flexibel bzgl. der Terminvergabe (bei mir oft schwierig wegen meinen Arbeitszeiten). Meine Op wurde in der Mooser Klinik in Augsburg gemacht, auch hier nur Lob von meiner Seite! Der An\u00e4sthesist und die gesamte Crew waren unglaublich einf\u00fchlsam, kompetent und freundlich.\nDanke f\u00fcr alles!!! :)<!-- R-CONTENT --><\/div> <span class=\"ti-read-more\" data-container=\".ti-review-content\" data-collapse-text=\"Ausblenden\" data-open-text=\"Weiterlesen\" ><\/span> <\/div> <\/div>  <div data-empty=\"0\" class=\"ti-review-item source-Google\" > <div class=\"ti-inner\"> <div class=\"ti-review-header\"> <div class=\"ti-profile-img\"> <img decoding=\"async\" src=\"https:\/\/lh3.googleusercontent.com\/a\/ACg8ocLygNPo5jHWFYb5ktJthd5yFag9JoC0SdarHc9JTggRm50ubg=s120-c-rp-mo-br100\" alt=\"Josef Staber\" \/> <\/div> <div class=\"ti-profile-details\"> <div class=\"ti-name\"> Josef Staber <\/div> <div class=\"ti-date\">2024-06-18<\/div> <\/div> <\/div> <span class=\"ti-stars\"><span class=\"ti-star f\"><\/span><span class=\"ti-star f\"><\/span><span class=\"ti-star f\"><\/span><span class=\"ti-star f\"><\/span><span class=\"ti-star f\"><\/span><\/span> <div class=\"ti-review-text-container ti-review-content\"><!-- R-CONTENT -->Tolles und ansprechendes Ambietene in Top Lage. Sehr freundliches und sympathisches Team.\nKomme regelm\u00e4\u00dfig zur Behandlung und bin immer sehr gerne hier :)<!-- R-CONTENT --><\/div> <span class=\"ti-read-more\" data-container=\".ti-review-content\" data-collapse-text=\"Ausblenden\" data-open-text=\"Weiterlesen\" ><\/span> <\/div> <\/div>  <div data-empty=\"0\" class=\"ti-review-item source-Google\" > <div class=\"ti-inner\"> <div class=\"ti-review-header\"> <div class=\"ti-profile-img\"> <img decoding=\"async\" src=\"https:\/\/lh3.googleusercontent.com\/a-\/ALV-UjU1t8D1DnjntiqmDY43hTrZfgBC3Fx8j-Pg8tyAtUkjsXWWmjc=s120-c-rp-mo-br100\" alt=\"Sina Korngiebel\" \/> <\/div> <div class=\"ti-profile-details\"> <div class=\"ti-name\"> Sina Korngiebel <\/div> <div class=\"ti-date\">2024-06-07<\/div> <\/div> <\/div> <span class=\"ti-stars\"><span class=\"ti-star f\"><\/span><span class=\"ti-star f\"><\/span><span class=\"ti-star f\"><\/span><span class=\"ti-star f\"><\/span><span class=\"ti-star f\"><\/span><\/span> <div class=\"ti-review-text-container ti-review-content\"><!-- R-CONTENT -->Ich habe mich vor 1 Jahr dazu entschlossen, meine Bauchsch\u00fcrze von Hr. Dr. Scholz entfernen zu lassen. Ich kann folgendes berichten:\n\nEs erfolgten ausf\u00fchrliche Vorgespr\u00e4che und Beratungen in seiner Praxis in M\u00fcnchen. Sein gro\u00dfer Erfahrungswert und professionelles Wissen erzeugten in mir Vertrauen und Sicherheit. Der OP-Termin wurde sehr zuverl\u00e4ssig geplant. Die Durchf\u00fchrung der OP verlief h\u00f6chst professionell und top organisiert. Das Team in der Klinik arbeitet auf h\u00f6chstem Niveau. Es folgten wichtige Nachsorgetermine, die ebenfalls sehr gut und verl\u00e4sslich organisiert waren. Die intensive Narbennachsorge hat er immer betont und gro\u00dfen Wert darauf gelegt. Dementsprechend gut haben sie sich entwickelt. Nach 1 Jahr kann ich sagen, dass ich \u00e4u\u00dferst zufrieden mit Allem bin und mich immer gut beraten und aufgehoben gef\u00fchlt habe. Das Ergebnis ist ganz toll und gibt mir ein ganz neues Lebensgef\u00fchl.\n\nVielen Dank auch an die nette Dame in der Praxis. Ich habe stets freundliche und kompetente Gespr\u00e4che gef\u00fchrt.\n\nIch kann Hr. Dr. Scholz nur empfehlen :)\n\nSina Korngiebel<!-- R-CONTENT --><\/div> <span class=\"ti-read-more\" data-container=\".ti-review-content\" data-collapse-text=\"Ausblenden\" data-open-text=\"Weiterlesen\" ><\/span> <\/div> <\/div>  <div data-empty=\"0\" class=\"ti-review-item source-Google\" > <div class=\"ti-inner\"> <div class=\"ti-review-header\"> <div class=\"ti-profile-img\"> <img decoding=\"async\" src=\"https:\/\/lh3.googleusercontent.com\/a\/ACg8ocIspSx-lbxA1eAR11fRr1ZJXViFwokt572X5q-au10D9DbRfw=s120-c-rp-mo-br100\" alt=\"Vochita Lavinia\" \/> <\/div> <div class=\"ti-profile-details\"> <div class=\"ti-name\"> Vochita Lavinia <\/div> <div class=\"ti-date\">2024-05-24<\/div> <\/div> <\/div> <span class=\"ti-stars\"><span class=\"ti-star f\"><\/span><span class=\"ti-star f\"><\/span><span class=\"ti-star f\"><\/span><span class=\"ti-star f\"><\/span><span class=\"ti-star f\"><\/span><\/span> <div class=\"ti-review-text-container ti-review-content\"><!-- R-CONTENT -->Ich  bin 100 % zufrieden. Der Doc wei\u00df was er macht und er kann es perfekt. Mein Ergebnis sieht \u00fcberhaupt nicht unnat\u00fcrlich aus. Oberliedstraffung Einfach perfekt!!!!vielen Dank f\u00fcr alles !!!! \u2b50\ufe0f\u2b50\ufe0f\u2b50\ufe0f\u2b50\ufe0f\u2b50\ufe0f<!-- R-CONTENT --><\/div> <span class=\"ti-read-more\" data-container=\".ti-review-content\" data-collapse-text=\"Ausblenden\" data-open-text=\"Weiterlesen\" ><\/span> <\/div> <\/div>  <div data-empty=\"0\" class=\"ti-review-item source-Google\" > <div class=\"ti-inner\"> <div class=\"ti-review-header\"> <div class=\"ti-profile-img\"> <img decoding=\"async\" src=\"https:\/\/lh3.googleusercontent.com\/a-\/ALV-UjWpbhuGTCcwOXInoJAE_Xro7grx5mKuNG9cgf3B0joTkHD66x27=s120-c-rp-mo-br100\" alt=\"Anna Lucas\" \/> <\/div> <div class=\"ti-profile-details\"> <div class=\"ti-name\"> Anna Lucas <\/div> <div class=\"ti-date\">2024-03-19<\/div> <\/div> <\/div> <span class=\"ti-stars\"><span class=\"ti-star f\"><\/span><span class=\"ti-star f\"><\/span><span class=\"ti-star f\"><\/span><span class=\"ti-star f\"><\/span><span class=\"ti-star f\"><\/span><\/span> <div class=\"ti-review-text-container ti-review-content\"><!-- R-CONTENT -->After consulting other surgeons, my final choice was Dr. Scholz, and I can confidently say that I could not have made a better decision. From the first contact, it became clear that Dr. Scholz not only possesses a remarkable expertise in his field but also an exceptional commitment to providing personalized and attentive care. He dedicated ample time to elucidate every aspect of the procedure, patiently clarifying all my doubts in meticulous detail, demonstrating a meticulousness and attention to detail that left me feeling extremely secure.\n\nHis ability to convey calmness was particularly noteworthy during the surgery, a moment when my nervousness was at its peak. Thanks to his competence and serenity, I was able to remain calm, which I consider essential for the success of the procedure.\n\nThe recovery was surprisingly quick and with minimal discomfort, almost painless, which I attribute to Dr. Scholz's technical excellence. The results exceeded all my expectations, leaving me incredibly satisfied. =)\n\nI recommend Dr. Scholz to anyone looking for high-quality surgical services. In my opinion, he is undoubtedly the best surgeon in Munich!<!-- R-CONTENT --><\/div> <span class=\"ti-read-more\" data-container=\".ti-review-content\" data-collapse-text=\"Ausblenden\" data-open-text=\"Weiterlesen\" ><\/span> <\/div> <\/div>  <div data-empty=\"0\" class=\"ti-review-item source-Google\" > <div class=\"ti-inner\"> <div class=\"ti-review-header\"> <div class=\"ti-profile-img\"> <img decoding=\"async\" src=\"https:\/\/lh3.googleusercontent.com\/a\/ACg8ocLsx3FHMCfPhKAvmJaNLh0pfvDNUB4ZiAHSjHjkHHlpqdeSng=s120-c-rp-mo-br100\" alt=\"Daniela Incorvaia\" \/> <\/div> <div class=\"ti-profile-details\"> <div class=\"ti-name\"> Daniela Incorvaia <\/div> <div class=\"ti-date\">2024-02-10<\/div> <\/div> <\/div> <span class=\"ti-stars\"><span class=\"ti-star f\"><\/span><span class=\"ti-star f\"><\/span><span class=\"ti-star f\"><\/span><span class=\"ti-star f\"><\/span><span class=\"ti-star f\"><\/span><\/span> <div class=\"ti-review-text-container ti-review-content\"><!-- R-CONTENT -->Er ist wirklich der Allerbeste!!! Sehr empfehlenswert. Super freundlich, kompetent und einfach einzigartig \u2764\ufe0f\ud83e\udd17\ud83d\udc4d!!!<!-- R-CONTENT --><\/div> <span class=\"ti-read-more\" data-container=\".ti-review-content\" data-collapse-text=\"Ausblenden\" data-open-text=\"Weiterlesen\" ><\/span> <\/div> <\/div>  <div data-empty=\"0\" class=\"ti-review-item source-Google\" > <div class=\"ti-inner\"> <div class=\"ti-review-header\"> <div class=\"ti-profile-img\"> <img decoding=\"async\" src=\"https:\/\/lh3.googleusercontent.com\/a\/ACg8ocIh3VcSHSEjyg1ZW5E6p9Z9nkfJOJfqtOs-B90C7y5t77Royg=s120-c-rp-mo-br100\" alt=\"Sunny D.\" \/> <\/div> <div class=\"ti-profile-details\"> <div class=\"ti-name\"> Sunny D. <\/div> <div class=\"ti-date\">2023-10-26<\/div> <\/div> <\/div> <span class=\"ti-stars\"><span class=\"ti-star f\"><\/span><span class=\"ti-star f\"><\/span><span class=\"ti-star f\"><\/span><span class=\"ti-star f\"><\/span><span class=\"ti-star f\"><\/span><\/span> <div class=\"ti-review-text-container ti-review-content\"><!-- R-CONTENT -->Meine OP war eine Brustkorretur in N\u00fcrnberg ich finde einfach keine Worte f\u00fcr diesen tollen,lieben,kompetenten Herrn Dr.Scholz,ich habe gabz ehrlich noch nicht viel davon gesehen erst in 1 Woche aber ich wei\u00df jetzt schon das alles gut sein wird,weil Herr scholz ist ein super Held der sein Versprechen h\u00e4lt was er verspricht.Kein Arzt hat sich an meine verpfuschte brust getraut keiner wollte mir helfen...Aber dann kam Herr Scholz,u ich wusste er oder keiner!!!Er gab mir von Anfang an ein tolles Gef\u00fchl,nach mein Trauma.Vielen Dank das es Sie gibt u Sie die Menschen gl\u00fccklich machen mit ihrer toller Arbeit,Sie machen es mit Leib u.seele u.das sp\u00fcrt der Patient.<!-- R-CONTENT --><\/div> <span class=\"ti-read-more\" data-container=\".ti-review-content\" data-collapse-text=\"Ausblenden\" data-open-text=\"Weiterlesen\" ><\/span> <\/div> <\/div>  <div data-empty=\"0\" class=\"ti-review-item source-Google\" > <div class=\"ti-inner\"> <div class=\"ti-review-header\"> <div class=\"ti-profile-img\"> <img decoding=\"async\" src=\"https:\/\/lh3.googleusercontent.com\/a\/ACg8ocKwDmjbDh9UodC3JA9eDt6vxKvttRPdmcUfJZ9hM2tgyevQ_w=s120-c-rp-mo-br100\" alt=\"Nicole Hipp\" \/> <\/div> <div class=\"ti-profile-details\"> <div class=\"ti-name\"> Nicole Hipp <\/div> <div class=\"ti-date\">2023-10-23<\/div> <\/div> <\/div> <span class=\"ti-stars\"><span class=\"ti-star f\"><\/span><span class=\"ti-star f\"><\/span><span class=\"ti-star f\"><\/span><span class=\"ti-star f\"><\/span><span class=\"ti-star f\"><\/span><\/span> <div class=\"ti-review-text-container ti-review-content\"><!-- R-CONTENT -->Ich k\u00f6nnte zufriedener mit dem Ergebnis nicht sein!!! Toller Arzt, tolle Beratung und unglaubliches Ergebnis! Vielen vielen Dank!!!<!-- R-CONTENT --><\/div> <span class=\"ti-read-more\" data-container=\".ti-review-content\" data-collapse-text=\"Ausblenden\" data-open-text=\"Weiterlesen\" ><\/span> <\/div> <\/div>  <div data-empty=\"0\" class=\"ti-review-item source-Google\" > <div class=\"ti-inner\"> <div class=\"ti-review-header\"> <div class=\"ti-profile-img\"> <img decoding=\"async\" src=\"https:\/\/lh3.googleusercontent.com\/a-\/ALV-UjULgOYf5oynjUBcgBAOo7UhKMLL8sOX-ZcBrJX289LdYnJGeb0L=s120-c-rp-mo-br100\" alt=\"Dani Siflinger\" \/> <\/div> <div class=\"ti-profile-details\"> <div class=\"ti-name\"> Dani Siflinger <\/div> <div class=\"ti-date\">2023-07-08<\/div> <\/div> <\/div> <span class=\"ti-stars\"><span class=\"ti-star f\"><\/span><span class=\"ti-star f\"><\/span><span class=\"ti-star f\"><\/span><span class=\"ti-star f\"><\/span><span class=\"ti-star f\"><\/span><\/span> <div class=\"ti-review-text-container ti-review-content\"><!-- R-CONTENT -->Kann man nur weiter empfehlen, exzellente Arbeit. Sympathischer Mensch und sehr gute  Ergebnisse.<!-- R-CONTENT --><\/div> <span class=\"ti-read-more\" data-container=\".ti-review-content\" data-collapse-text=\"Ausblenden\" data-open-text=\"Weiterlesen\" ><\/span> <\/div> <\/div>  <\/div> <div class=\"ti-controls-line\"> <div class=\"dot\"><\/div> <\/div> <\/div> <div class=\"ti-footer\"> <div class=\"ti-rating-text\"> <span class=\"nowrap\"><strong>Google<\/strong> Gesamtbewertung <\/span><span class=\"nowrap\"><strong>5.0<\/strong> von 5, <\/span><span class=\"nowrap\">basierend auf <strong>35 Bewertungen<\/strong><\/span> <\/div> <\/div>  <\/div> <\/div> <\/pre>\n            <\/div>\n<\/div>\n<!-- \/module plain text -->\t\t<\/div>\n\t\t\t\t\t\t<\/div>\n\t\t<\/div>\n\t\t\t\t\t\t<div  data-lazy=\"1\" class=\"module_row themify_builder_row tb_ri8r978 tf_w\">\n\t\t\t\t\t\t<div class=\"row_inner col_align_top tb_col_count_1 tf_box tf_rel\">\n\t\t\t\t\t\t<div  data-lazy=\"1\" class=\"module_column tb-column col-full tb_ooyy978 first\">\n\t\t\t\t\t\t\t<\/div>\n\t\t\t\t\t\t<\/div>\n\t\t<\/div>\n\t\t<\/div>\n<!--\/themify_builder_content-->","protected":false},"excerpt":{"rendered":"<p>Reviews<\/p>\n","protected":false},"author":1,"featured_media":0,"parent":0,"menu_order":0,"comment_status":"closed","ping_status":"closed","template":"","meta":{"footnotes":""},"yoast_head":"<!-- This site is optimized with the Yoast SEO plugin v22.9 - https:\/\/yoast.com\/wordpress\/plugins\/seo\/ -->\n<title>Reviews - Thomas Scholz<\/title>\n<meta name=\"robots\" content=\"index, follow, max-snippet:-1, max-image-preview:large, max-video-preview:-1\" \/>\n<link rel=\"canonical\" href=\"https:\/\/thomasscholz.com\/en\/reviews\/\" \/>\n<meta property=\"og:locale\" content=\"en_US\" \/>\n<meta property=\"og:type\" content=\"article\" \/>\n<meta property=\"og:title\" content=\"Reviews - Thomas Scholz\" \/>\n<meta property=\"og:description\" content=\"Reviews\" \/>\n<meta property=\"og:url\" content=\"https:\/\/thomasscholz.com\/en\/reviews\/\" \/>\n<meta property=\"og:site_name\" content=\"Thomas Scholz\" \/>\n<meta property=\"article:publisher\" content=\"https:\/\/www.facebook.com\/signature.scholz\/\" \/>\n<meta property=\"article:modified_time\" content=\"2024-06-29T14:30:05+00:00\" \/>\n<meta property=\"og:image\" content=\"https:\/\/thomasscholz.com\/wp-content\/uploads\/2024\/03\/Digimy-Aktuelles-95x15.png\" \/>\n<meta name=\"twitter:card\" content=\"summary_large_image\" \/>\n<script type=\"application\/ld+json\" class=\"yoast-schema-graph\">{\"@context\":\"https:\/\/schema.org\",\"@graph\":[{\"@type\":\"WebPage\",\"@id\":\"https:\/\/thomasscholz.com\/en\/reviews\/\",\"url\":\"https:\/\/thomasscholz.com\/en\/reviews\/\",\"name\":\"Reviews - Thomas Scholz\",\"isPartOf\":{\"@id\":\"https:\/\/thomasscholz.com\/en\/#website\"},\"primaryImageOfPage\":{\"@id\":\"https:\/\/thomasscholz.com\/en\/reviews\/#primaryimage\"},\"image\":{\"@id\":\"https:\/\/thomasscholz.com\/en\/reviews\/#primaryimage\"},\"thumbnailUrl\":\"https:\/\/thomasscholz.com\/wp-content\/uploads\/2024\/03\/Digimy-Aktuelles-95x15.png\",\"datePublished\":\"2024-06-11T23:11:09+00:00\",\"dateModified\":\"2024-06-29T14:30:05+00:00\",\"breadcrumb\":{\"@id\":\"https:\/\/thomasscholz.com\/en\/reviews\/#breadcrumb\"},\"inLanguage\":\"en-US\",\"potentialAction\":[{\"@type\":\"ReadAction\",\"target\":[\"https:\/\/thomasscholz.com\/en\/reviews\/\"]}]},{\"@type\":\"ImageObject\",\"inLanguage\":\"en-US\",\"@id\":\"https:\/\/thomasscholz.com\/en\/reviews\/#primaryimage\",\"url\":\"https:\/\/thomasscholz.com\/wp-content\/uploads\/2024\/03\/Digimy-Aktuelles-95x15.png\",\"contentUrl\":\"https:\/\/thomasscholz.com\/wp-content\/uploads\/2024\/03\/Digimy-Aktuelles-95x15.png\"},{\"@type\":\"BreadcrumbList\",\"@id\":\"https:\/\/thomasscholz.com\/en\/reviews\/#breadcrumb\",\"itemListElement\":[{\"@type\":\"ListItem\",\"position\":1,\"name\":\"Home\",\"item\":\"https:\/\/thomasscholz.com\/en\/\"},{\"@type\":\"ListItem\",\"position\":2,\"name\":\"Reviews\"}]},{\"@type\":\"WebSite\",\"@id\":\"https:\/\/thomasscholz.com\/en\/#website\",\"url\":\"https:\/\/thomasscholz.com\/en\/\",\"name\":\"Dr. Thomas Scholz\",\"description\":\"\",\"publisher\":{\"@id\":\"https:\/\/thomasscholz.com\/en\/#organization\"},\"potentialAction\":[{\"@type\":\"SearchAction\",\"target\":{\"@type\":\"EntryPoint\",\"urlTemplate\":\"https:\/\/thomasscholz.com\/en\/?s={search_term_string}\"},\"query-input\":\"required name=search_term_string\"}],\"inLanguage\":\"en-US\"},{\"@type\":\"Organization\",\"@id\":\"https:\/\/thomasscholz.com\/en\/#organization\",\"name\":\"Dr. Thomas Scholz\",\"url\":\"https:\/\/thomasscholz.com\/en\/\",\"logo\":{\"@type\":\"ImageObject\",\"inLanguage\":\"en-US\",\"@id\":\"https:\/\/thomasscholz.com\/en\/#\/schema\/logo\/image\/\",\"url\":\"https:\/\/thomasscholz.com\/wp-content\/uploads\/2024\/03\/logo-signature-aesthetics-rgb.png\",\"contentUrl\":\"https:\/\/thomasscholz.com\/wp-content\/uploads\/2024\/03\/logo-signature-aesthetics-rgb.png\",\"width\":2191,\"height\":796,\"caption\":\"Dr. Thomas Scholz\"},\"image\":{\"@id\":\"https:\/\/thomasscholz.com\/en\/#\/schema\/logo\/image\/\"},\"sameAs\":[\"https:\/\/www.facebook.com\/signature.scholz\/\"]}]}<\/script>\n<!-- \/ Yoast SEO plugin. -->","yoast_head_json":{"title":"Reviews - Thomas Scholz","robots":{"index":"index","follow":"follow","max-snippet":"max-snippet:-1","max-image-preview":"max-image-preview:large","max-video-preview":"max-video-preview:-1"},"canonical":"https:\/\/thomasscholz.com\/en\/reviews\/","og_locale":"en_US","og_type":"article","og_title":"Reviews - Thomas Scholz","og_description":"Reviews","og_url":"https:\/\/thomasscholz.com\/en\/reviews\/","og_site_name":"Thomas Scholz","article_publisher":"https:\/\/www.facebook.com\/signature.scholz\/","article_modified_time":"2024-06-29T14:30:05+00:00","og_image":[{"url":"https:\/\/thomasscholz.com\/wp-content\/uploads\/2024\/03\/Digimy-Aktuelles-95x15.png"}],"twitter_card":"summary_large_image","schema":{"@context":"https:\/\/schema.org","@graph":[{"@type":"WebPage","@id":"https:\/\/thomasscholz.com\/en\/reviews\/","url":"https:\/\/thomasscholz.com\/en\/reviews\/","name":"Reviews - Thomas Scholz","isPartOf":{"@id":"https:\/\/thomasscholz.com\/en\/#website"},"primaryImageOfPage":{"@id":"https:\/\/thomasscholz.com\/en\/reviews\/#primaryimage"},"image":{"@id":"https:\/\/thomasscholz.com\/en\/reviews\/#primaryimage"},"thumbnailUrl":"https:\/\/thomasscholz.com\/wp-content\/uploads\/2024\/03\/Digimy-Aktuelles-95x15.png","datePublished":"2024-06-11T23:11:09+00:00","dateModified":"2024-06-29T14:30:05+00:00","breadcrumb":{"@id":"https:\/\/thomasscholz.com\/en\/reviews\/#breadcrumb"},"inLanguage":"en-US","potentialAction":[{"@type":"ReadAction","target":["https:\/\/thomasscholz.com\/en\/reviews\/"]}]},{"@type":"ImageObject","inLanguage":"en-US","@id":"https:\/\/thomasscholz.com\/en\/reviews\/#primaryimage","url":"https:\/\/thomasscholz.com\/wp-content\/uploads\/2024\/03\/Digimy-Aktuelles-95x15.png","contentUrl":"https:\/\/thomasscholz.com\/wp-content\/uploads\/2024\/03\/Digimy-Aktuelles-95x15.png"},{"@type":"BreadcrumbList","@id":"https:\/\/thomasscholz.com\/en\/reviews\/#breadcrumb","itemListElement":[{"@type":"ListItem","position":1,"name":"Home","item":"https:\/\/thomasscholz.com\/en\/"},{"@type":"ListItem","position":2,"name":"Reviews"}]},{"@type":"WebSite","@id":"https:\/\/thomasscholz.com\/en\/#website","url":"https:\/\/thomasscholz.com\/en\/","name":"Dr. Thomas Scholz","description":"","publisher":{"@id":"https:\/\/thomasscholz.com\/en\/#organization"},"potentialAction":[{"@type":"SearchAction","target":{"@type":"EntryPoint","urlTemplate":"https:\/\/thomasscholz.com\/en\/?s={search_term_string}"},"query-input":"required name=search_term_string"}],"inLanguage":"en-US"},{"@type":"Organization","@id":"https:\/\/thomasscholz.com\/en\/#organization","name":"Dr. Thomas Scholz","url":"https:\/\/thomasscholz.com\/en\/","logo":{"@type":"ImageObject","inLanguage":"en-US","@id":"https:\/\/thomasscholz.com\/en\/#\/schema\/logo\/image\/","url":"https:\/\/thomasscholz.com\/wp-content\/uploads\/2024\/03\/logo-signature-aesthetics-rgb.png","contentUrl":"https:\/\/thomasscholz.com\/wp-content\/uploads\/2024\/03\/logo-signature-aesthetics-rgb.png","width":2191,"height":796,"caption":"Dr. Thomas Scholz"},"image":{"@id":"https:\/\/thomasscholz.com\/en\/#\/schema\/logo\/image\/"},"sameAs":["https:\/\/www.facebook.com\/signature.scholz\/"]}]}},"builder_content":"<img src=\"https:\/\/thomasscholz.com\/wp-content\/uploads\/2024\/03\/Digimy-Aktuelles-95x15.png\" height=\"15\" title=\"Stars\" alt=\"Stars\">\n<h1>Reviews<\/h1>\n<p>On various portals we can refer to nice testimonials and present here the evaluation by some real patients. Talk to us about before and after pictures of operations so that you can see the excellent results for yourself.<\/p>\n<p>Dr. Thomas Scholz<\/p>\n[trustindex no-registration=\"google\"]","_links":{"self":[{"href":"https:\/\/thomasscholz.com\/en\/wp-json\/wp\/v2\/pages\/1581"}],"collection":[{"href":"https:\/\/thomasscholz.com\/en\/wp-json\/wp\/v2\/pages"}],"about":[{"href":"https:\/\/thomasscholz.com\/en\/wp-json\/wp\/v2\/types\/page"}],"author":[{"embeddable":true,"href":"https:\/\/thomasscholz.com\/en\/wp-json\/wp\/v2\/users\/1"}],"replies":[{"embeddable":true,"href":"https:\/\/thomasscholz.com\/en\/wp-json\/wp\/v2\/comments?post=1581"}],"version-history":[{"count":3,"href":"https:\/\/thomasscholz.com\/en\/wp-json\/wp\/v2\/pages\/1581\/revisions"}],"predecessor-version":[{"id":1858,"href":"https:\/\/thomasscholz.com\/en\/wp-json\/wp\/v2\/pages\/1581\/revisions\/1858"}],"wp:attachment":[{"href":"https:\/\/thomasscholz.com\/en\/wp-json\/wp\/v2\/media?parent=1581"}],"curies":[{"name":"wp","href":"https:\/\/api.w.org\/{rel}","templated":true}]}}